{"id":2255,"date":"2023-06-17T19:10:35","date_gmt":"2023-06-17T17:10:35","guid":{"rendered":"http:\/\/araok.co\/?page_id=2255"},"modified":"2023-07-03T18:27:02","modified_gmt":"2023-07-03T16:27:02","slug":"teddy","status":"publish","type":"page","link":"https:\/\/araok.co\/index.php\/teddy\/","title":{"rendered":"Teddy"},"content":{"rendered":"<p>[vc_section][vc_row][vc_column width=\u00a0\u00bb1\/2&Prime;]<div  class=\"wpb_content_element   clearfix\"><style type=\"text\/css\">#ut_am_69e23a38ab95c { opacity: 1; }#ut_am_wrap_69e23a38ab95d .ut-image-gallery-item-caption-title h3 { letter-spacing: -0.01em; }#ut_am_wrap_69e23a38ab95d .ut-gallery-slider-caption { font-weight: bold; }#ut_am_wrap_69e23a38ab95d { text-align: left; }@media (min-width: 768px) and (max-width: 1024px) { #ut_am_wrap_69e23a38ab95d { text-align: left !important; } }@media (max-width: 767px) { #ut_am_wrap_69e23a38ab95d { text-align: center !important; } }<\/style><div id=\"ut_am_wrap_69e23a38ab95d\" class=\"ut-image-gallery-image \"><div id=\"ut_reveal_69e23a38ab95e\"  data-appear-top-offset=\"auto\" class=\"ut-animated-image-item ut-image-gallery-item ut-animation-done \"><a class=\"ut-deactivated-link\" href=\"#\"><div class=\"ut-animated-image-zoom\"><img class=\"ut-lazy skip-lazy ut-animated-image\"  id=\"ut_am_69e23a38ab95c\" src=\"data:image\/svg+xml;charset=utf-8,%3Csvg xmlns%3D'http%3A%2F%2Fwww.w3.org%2F2000%2Fsvg' viewBox%3D'0 0 867 867'%2F%3E\" data-src=\"https:\/\/araok.co\/wp-content\/uploads\/Votre-logo-ici-3-867x867.png\" width=\"867\" height=\"867\" alt=\"\"\/><\/div><\/a><\/div><\/div><\/div>[\/vc_column][vc_column width=\u00a0\u00bb1\/2&Prime;][vc_column_text]Veste teddy sur mesure<\/p>\n<p>Fabrication Portugal<\/p>\n<p>MOQ : 100 pcs<\/p>\n<p>Couleur stock : Bleu marine, blanc, noir, gris chin\u00e9, rouge<br \/>\nCouleur dead stock : sur demande<\/p>\n<p>Couleur Pantone \u00e0 partir de 250 pcs<\/p>\n<p>Mati\u00e8re : 100% coton ou 50% coton\/50% polyester<\/p>\n<p>Grammage disponible : 280, 320, 350 gms<\/p>\n<p>Technique de personnalisation :<\/p>\n<ul>\n<li>S\u00e9rigraphie<\/li>\n<li>Broderie<\/li>\n<li>Broderie bouclette<\/li>\n<li>Transfert<\/li>\n<li>S\u00e9rigraphie gonflante<\/li>\n<li>Etiquette tiss\u00e9e<\/li>\n<\/ul>\n<p>[\/vc_column_text]<style type=\"text\/css\">#bklyn_btn_69e23a38ab9fd .bklyn-btn { background-color:#040404 !important; }#bklyn_btn_69e23a38ab9fd .bklyn-btn:hover{ color:#ffffff !important; }#bklyn_btn_69e23a38ab9fd .bklyn-btn:focus{ color:#ffffff !important; }#bklyn_btn_69e23a38ab9fd .bklyn-btn:active { color:#ffffff !important; }<\/style><div id=\"bklyn_btn_69e23a38ab9fd\" class=\"bklyn-btn-holder  bklyn-btn-center\"><a title=\"\"   href=\"http:\/\/araok.co\/?page_id=2001&#038;preview=true\" target=\"_self\" class=\"bklyn-btn  bklyn-btn-normal\" ><span class=\"ut-btn-text\">DEVIS<\/span><\/a><\/div>[\/vc_column][\/vc_row][\/vc_section]<\/p>\n","protected":false},"excerpt":{"rendered":"<p>[vc_section][vc_row][vc_column width=\u00a0\u00bb1\/2&Prime;][\/vc_column][vc_column width=\u00a0\u00bb1\/2&Prime;][vc_column_text]Veste teddy sur mesure Fabrication Portugal MOQ : 100 pcs Couleur stock : Bleu marine, blanc, noir, gris chin\u00e9, rouge Couleur dead stock : sur demande Couleur Pantone \u00e0 partir de 250 pcs Mati\u00e8re : 100% coton ou 50% coton\/50% polyester Grammage disponible : 280, 320, 350 gms Technique de personnalisation : S\u00e9rigraphie [&hellip;]<\/p>\n","protected":false},"author":1,"featured_media":0,"parent":0,"menu_order":0,"comment_status":"closed","ping_status":"closed","template":"","meta":{"_monsterinsights_skip_tracking":false,"_monsterinsights_sitenote_active":false,"_monsterinsights_sitenote_note":"","_monsterinsights_sitenote_category":0},"yoast_head":"<!-- This site is optimized with the Yoast SEO plugin v20.12 - https:\/\/yoast.com\/wordpress\/plugins\/seo\/ -->\n<title>Teddy - Araok<\/title>\n<meta name=\"robots\" content=\"index, follow, max-snippet:-1, max-image-preview:large, max-video-preview:-1\" \/>\n<link rel=\"canonical\" href=\"https:\/\/araok.co\/index.php\/teddy\/\" \/>\n<meta property=\"og:locale\" content=\"fr_FR\" \/>\n<meta property=\"og:type\" content=\"article\" \/>\n<meta property=\"og:title\" content=\"Teddy - Araok\" \/>\n<meta property=\"og:description\" content=\"[vc_section][vc_row][vc_column width=\u00a0\u00bb1\/2&Prime;][\/vc_column][vc_column width=\u00a0\u00bb1\/2&Prime;][vc_column_text]Veste teddy sur mesure Fabrication Portugal MOQ : 100 pcs Couleur stock : Bleu marine, blanc, noir, gris chin\u00e9, rouge Couleur dead stock : sur demande Couleur Pantone \u00e0 partir de 250 pcs Mati\u00e8re : 100% coton ou 50% coton\/50% polyester Grammage disponible : 280, 320, 350 gms Technique de personnalisation : S\u00e9rigraphie [&hellip;]\" \/>\n<meta property=\"og:url\" content=\"https:\/\/araok.co\/index.php\/teddy\/\" \/>\n<meta property=\"og:site_name\" content=\"Araok\" \/>\n<meta property=\"article:modified_time\" content=\"2023-07-03T16:27:02+00:00\" \/>\n<meta name=\"twitter:card\" content=\"summary_large_image\" \/>\n<meta name=\"twitter:label1\" content=\"Dur\u00e9e de lecture estim\u00e9e\" \/>\n\t<meta name=\"twitter:data1\" content=\"1 minute\" \/>\n<script type=\"application\/ld+json\" class=\"yoast-schema-graph\">{\"@context\":\"https:\/\/schema.org\",\"@graph\":[{\"@type\":\"WebPage\",\"@id\":\"https:\/\/araok.co\/index.php\/teddy\/\",\"url\":\"https:\/\/araok.co\/index.php\/teddy\/\",\"name\":\"Teddy - Araok\",\"isPartOf\":{\"@id\":\"https:\/\/araok.co\/#website\"},\"datePublished\":\"2023-06-17T17:10:35+00:00\",\"dateModified\":\"2023-07-03T16:27:02+00:00\",\"breadcrumb\":{\"@id\":\"https:\/\/araok.co\/index.php\/teddy\/#breadcrumb\"},\"inLanguage\":\"fr-FR\",\"potentialAction\":[{\"@type\":\"ReadAction\",\"target\":[\"https:\/\/araok.co\/index.php\/teddy\/\"]}]},{\"@type\":\"BreadcrumbList\",\"@id\":\"https:\/\/araok.co\/index.php\/teddy\/#breadcrumb\",\"itemListElement\":[{\"@type\":\"ListItem\",\"position\":1,\"name\":\"Home\",\"item\":\"https:\/\/araok.co\/\"},{\"@type\":\"ListItem\",\"position\":2,\"name\":\"Teddy\"}]},{\"@type\":\"WebSite\",\"@id\":\"https:\/\/araok.co\/#website\",\"url\":\"https:\/\/araok.co\/\",\"name\":\"Araok\",\"description\":\"Sp\u00e9cialiste de la production textile Europe\",\"publisher\":{\"@id\":\"https:\/\/araok.co\/#organization\"},\"potentialAction\":[{\"@type\":\"SearchAction\",\"target\":{\"@type\":\"EntryPoint\",\"urlTemplate\":\"https:\/\/araok.co\/?s={search_term_string}\"},\"query-input\":\"required name=search_term_string\"}],\"inLanguage\":\"fr-FR\"},{\"@type\":\"Organization\",\"@id\":\"https:\/\/araok.co\/#organization\",\"name\":\"Araok\",\"url\":\"https:\/\/araok.co\/\",\"logo\":{\"@type\":\"ImageObject\",\"inLanguage\":\"fr-FR\",\"@id\":\"https:\/\/araok.co\/#\/schema\/logo\/image\/\",\"url\":\"http:\/\/araok.co\/wp-content\/uploads\/2021\/10\/Capture-de\u0301cran-2021-10-13-a\u0300-13.34.05.png\",\"contentUrl\":\"http:\/\/araok.co\/wp-content\/uploads\/2021\/10\/Capture-de\u0301cran-2021-10-13-a\u0300-13.34.05.png\",\"width\":80,\"height\":88,\"caption\":\"Araok\"},\"image\":{\"@id\":\"https:\/\/araok.co\/#\/schema\/logo\/image\/\"}}]}<\/script>\n<!-- \/ Yoast SEO plugin. -->","yoast_head_json":{"title":"Teddy - Araok","robots":{"index":"index","follow":"follow","max-snippet":"max-snippet:-1","max-image-preview":"max-image-preview:large","max-video-preview":"max-video-preview:-1"},"canonical":"https:\/\/araok.co\/index.php\/teddy\/","og_locale":"fr_FR","og_type":"article","og_title":"Teddy - Araok","og_description":"[vc_section][vc_row][vc_column width=\u00a0\u00bb1\/2&Prime;][\/vc_column][vc_column width=\u00a0\u00bb1\/2&Prime;][vc_column_text]Veste teddy sur mesure Fabrication Portugal MOQ : 100 pcs Couleur stock : Bleu marine, blanc, noir, gris chin\u00e9, rouge Couleur dead stock : sur demande Couleur Pantone \u00e0 partir de 250 pcs Mati\u00e8re : 100% coton ou 50% coton\/50% polyester Grammage disponible : 280, 320, 350 gms Technique de personnalisation : S\u00e9rigraphie [&hellip;]","og_url":"https:\/\/araok.co\/index.php\/teddy\/","og_site_name":"Araok","article_modified_time":"2023-07-03T16:27:02+00:00","twitter_card":"summary_large_image","twitter_misc":{"Dur\u00e9e de lecture estim\u00e9e":"1 minute"},"schema":{"@context":"https:\/\/schema.org","@graph":[{"@type":"WebPage","@id":"https:\/\/araok.co\/index.php\/teddy\/","url":"https:\/\/araok.co\/index.php\/teddy\/","name":"Teddy - Araok","isPartOf":{"@id":"https:\/\/araok.co\/#website"},"datePublished":"2023-06-17T17:10:35+00:00","dateModified":"2023-07-03T16:27:02+00:00","breadcrumb":{"@id":"https:\/\/araok.co\/index.php\/teddy\/#breadcrumb"},"inLanguage":"fr-FR","potentialAction":[{"@type":"ReadAction","target":["https:\/\/araok.co\/index.php\/teddy\/"]}]},{"@type":"BreadcrumbList","@id":"https:\/\/araok.co\/index.php\/teddy\/#breadcrumb","itemListElement":[{"@type":"ListItem","position":1,"name":"Home","item":"https:\/\/araok.co\/"},{"@type":"ListItem","position":2,"name":"Teddy"}]},{"@type":"WebSite","@id":"https:\/\/araok.co\/#website","url":"https:\/\/araok.co\/","name":"Araok","description":"Sp\u00e9cialiste de la production textile Europe","publisher":{"@id":"https:\/\/araok.co\/#organization"},"potentialAction":[{"@type":"SearchAction","target":{"@type":"EntryPoint","urlTemplate":"https:\/\/araok.co\/?s={search_term_string}"},"query-input":"required name=search_term_string"}],"inLanguage":"fr-FR"},{"@type":"Organization","@id":"https:\/\/araok.co\/#organization","name":"Araok","url":"https:\/\/araok.co\/","logo":{"@type":"ImageObject","inLanguage":"fr-FR","@id":"https:\/\/araok.co\/#\/schema\/logo\/image\/","url":"http:\/\/araok.co\/wp-content\/uploads\/2021\/10\/Capture-de\u0301cran-2021-10-13-a\u0300-13.34.05.png","contentUrl":"http:\/\/araok.co\/wp-content\/uploads\/2021\/10\/Capture-de\u0301cran-2021-10-13-a\u0300-13.34.05.png","width":80,"height":88,"caption":"Araok"},"image":{"@id":"https:\/\/araok.co\/#\/schema\/logo\/image\/"}}]}},"_links":{"self":[{"href":"https:\/\/araok.co\/index.php\/wp-json\/wp\/v2\/pages\/2255"}],"collection":[{"href":"https:\/\/araok.co\/index.php\/wp-json\/wp\/v2\/pages"}],"about":[{"href":"https:\/\/araok.co\/index.php\/wp-json\/wp\/v2\/types\/page"}],"author":[{"embeddable":true,"href":"https:\/\/araok.co\/index.php\/wp-json\/wp\/v2\/users\/1"}],"replies":[{"embeddable":true,"href":"https:\/\/araok.co\/index.php\/wp-json\/wp\/v2\/comments?post=2255"}],"version-history":[{"count":4,"href":"https:\/\/araok.co\/index.php\/wp-json\/wp\/v2\/pages\/2255\/revisions"}],"predecessor-version":[{"id":2467,"href":"https:\/\/araok.co\/index.php\/wp-json\/wp\/v2\/pages\/2255\/revisions\/2467"}],"wp:attachment":[{"href":"https:\/\/araok.co\/index.php\/wp-json\/wp\/v2\/media?parent=2255"}],"curies":[{"name":"wp","href":"https:\/\/api.w.org\/{rel}","templated":true}]}}