{"id":2180,"date":"2023-06-15T14:12:03","date_gmt":"2023-06-15T12:12:03","guid":{"rendered":"http:\/\/araok.co\/?page_id=2180"},"modified":"2026-01-28T17:03:36","modified_gmt":"2026-01-28T16:03:36","slug":"chaussettes-standard","status":"publish","type":"page","link":"https:\/\/araok.co\/index.php\/chaussettes-standard\/","title":{"rendered":"Chaussettes standard"},"content":{"rendered":"<p>[vc_section][vc_row][vc_column width=\u00a0\u00bb1\/2&Prime;]<div  class=\"wpb_content_element   clearfix\"><style type=\"text\/css\">#ut_am_69e25f7e5a14c { opacity: 1; }#ut_am_wrap_69e25f7e5a14e .ut-image-gallery-item-caption-title h3 { letter-spacing: -0.01em; }#ut_am_wrap_69e25f7e5a14e .ut-gallery-slider-caption { font-weight: bold; }#ut_am_wrap_69e25f7e5a14e { text-align: left; }@media (min-width: 768px) and (max-width: 1024px) { #ut_am_wrap_69e25f7e5a14e { text-align: left !important; } }@media (max-width: 767px) { #ut_am_wrap_69e25f7e5a14e { text-align: center !important; } }<\/style><div id=\"ut_am_wrap_69e25f7e5a14e\" class=\"ut-image-gallery-image \"><div id=\"ut_reveal_69e25f7e5a150\"  data-appear-top-offset=\"auto\" class=\"ut-animated-image-item ut-image-gallery-item ut-animation-done \"><a class=\"ut-deactivated-link\" href=\"#\"><div class=\"ut-animated-image-zoom\"><img class=\"ut-lazy skip-lazy ut-animated-image\"  id=\"ut_am_69e25f7e5a14c\" src=\"data:image\/svg+xml;charset=utf-8,%3Csvg xmlns%3D'http%3A%2F%2Fwww.w3.org%2F2000%2Fsvg' viewBox%3D'0 0 867 867'%2F%3E\" data-src=\"https:\/\/araok.co\/wp-content\/uploads\/Chaussette-de-ville-5-867x867.png\" width=\"867\" height=\"867\" alt=\"\"\/><\/div><\/a><\/div><\/div><\/div><div class=\"wpb_content_element   clearfix\"><style type=\"text\/css\">#ut_ig_69e25f7e5a1ac .ut-lazy:not(.ut-image-loaded) + .ut-video-module-loading { display:block; }#ut_ig_69e25f7e5a1ac .ut-lazy.ut-image-loaded + .ut-video-module-loading { display:none; }<\/style><div id=\"ut_ig_69e25f7e5a1ac\" class=\"ut-image-gallery ut-image-gallery-module  clearfix\" data-settings=\"{&quot;animate&quot;:true,&quot;effect&quot;:&quot;&quot;,&quot;lazy&quot;:true,&quot;delay_animation&quot;:false,&quot;global_delay_animation&quot;:false,&quot;delay_timer&quot;:100,&quot;global_delay_timer&quot;:100}\"><div  data-count=\"1\" class=\"ut-image-gallery-item ut-animation-done grid-20 tablet-grid-33 mobile-grid-100 \"><a  class=\"ut-vc-images-lightbox ut-vc-images-lightbox-group-image \"  data-exthumbimage=\"https:\/\/araok.co\/wp-content\/uploads\/2023\/05\/17.jpg\" href=\"https:\/\/araok.co\/wp-content\/uploads\/2023\/05\/17.jpg\" ><div class=\"ut-image-gallery-image\" ><img  class=\" ut-lazy skip-lazy\" src=\"data:image\/svg+xml;charset=utf-8,%3Csvg xmlns%3D'http%3A%2F%2Fwww.w3.org%2F2000%2Fsvg' viewBox%3D'0 0 150 150'%2F%3E\" data-src=\"https:\/\/araok.co\/wp-content\/uploads\/2023\/05\/17-150x150.jpg\" width=\"150\" height=\"150\"><\/div><\/a><\/div><div class=\"clear\"><\/div><\/div><\/div>[\/vc_column][vc_column width=\u00a0\u00bb1\/2&Prime;][vc_column_text]<span data-sheets-value=\"{&quot;1&quot;:2,&quot;2&quot;:&quot;Chaussettes tricot\u00e9es personnalis\u00e9es fabriqu\u00e9es en Croatie. Composition : 80% coton bio, 17% polyamide, 3% \u00e9lasthane&quot;}\" data-sheets-userformat=\"{&quot;2&quot;:14723,&quot;3&quot;:{&quot;1&quot;:0,&quot;3&quot;:1},&quot;4&quot;:{&quot;1&quot;:2,&quot;2&quot;:16777215},&quot;10&quot;:2,&quot;11&quot;:4,&quot;14&quot;:{&quot;1&quot;:3,&quot;3&quot;:1},&quot;15&quot;:&quot;Calibri&quot;,&quot;16&quot;:11}\">Chaussettes tricot\u00e9es personnalis\u00e9es fabriqu\u00e9es en Croatie.<\/span><\/p>\n<p>MOQ : 50 pcs<\/p>\n<div class=\"page\" title=\"Page 16\">\n<div class=\"section\">\n<div class=\"layoutArea\">\n<div class=\"column\">\n<p>Composition : 80% Coton BIO &#8211; 17% Polyamide &#8211; 3% Elastane Personnalisation : Mode\u0300le entie\u0300rement tisse\u0301. Jusqu&rsquo;a\u0300 6 couleurs de fils diffe\u0301rents par re\u0301alisation. Catalogue de fils \u00e0 disposition sur demande (plus de 100 couleurs disponibles).<\/p>\n<p>De\u0301lais de production : 3 semaines<br \/>\nDe\u0301lais de livraison : 3\/4 jours<\/p>\n<\/div>\n<\/div>\n<\/div>\n<\/div>\n<p>[\/vc_column_text]<style type=\"text\/css\">#bklyn_btn_69e25f7e5ac68 .bklyn-btn { background-color:#040404 !important; }#bklyn_btn_69e25f7e5ac68 .bklyn-btn:hover{ color:#ffffff !important; }#bklyn_btn_69e25f7e5ac68 .bklyn-btn:focus{ color:#ffffff !important; }#bklyn_btn_69e25f7e5ac68 .bklyn-btn:active { color:#ffffff !important; }<\/style><div id=\"bklyn_btn_69e25f7e5ac68\" class=\"bklyn-btn-holder  bklyn-btn-center\"><a title=\"\"   href=\"http:\/\/araok.co\/?page_id=2001&#038;preview=true\" target=\"_self\" class=\"bklyn-btn  bklyn-btn-normal\" ><span class=\"ut-btn-text\">DEVIS<\/span><\/a><\/div>[\/vc_column][\/vc_row][\/vc_section]<\/p>\n","protected":false},"excerpt":{"rendered":"<p>[vc_section][vc_row][vc_column width=\u00a0\u00bb1\/2&Prime;][\/vc_column][vc_column width=\u00a0\u00bb1\/2&Prime;][vc_column_text]Chaussettes tricot\u00e9es personnalis\u00e9es fabriqu\u00e9es en Croatie. MOQ : 50 pcs Composition : 80% Coton BIO &#8211; 17% Polyamide &#8211; 3% Elastane Personnalisation : Mode\u0300le entie\u0300rement tisse\u0301. Jusqu&rsquo;a\u0300 6 couleurs de fils diffe\u0301rents par re\u0301alisation. Catalogue de fils \u00e0 disposition sur demande (plus de 100 couleurs disponibles). De\u0301lais de production : 3 semaines De\u0301lais [&hellip;]<\/p>\n","protected":false},"author":1,"featured_media":0,"parent":0,"menu_order":0,"comment_status":"closed","ping_status":"closed","template":"","meta":{"_monsterinsights_skip_tracking":false,"_monsterinsights_sitenote_active":false,"_monsterinsights_sitenote_note":"","_monsterinsights_sitenote_category":0},"yoast_head":"<!-- This site is optimized with the Yoast SEO plugin v20.12 - https:\/\/yoast.com\/wordpress\/plugins\/seo\/ -->\n<title>Chaussettes standard - Araok<\/title>\n<meta name=\"robots\" content=\"index, follow, max-snippet:-1, max-image-preview:large, max-video-preview:-1\" \/>\n<link rel=\"canonical\" href=\"https:\/\/araok.co\/index.php\/chaussettes-standard\/\" \/>\n<meta property=\"og:locale\" content=\"fr_FR\" \/>\n<meta property=\"og:type\" content=\"article\" \/>\n<meta property=\"og:title\" content=\"Chaussettes standard - Araok\" \/>\n<meta property=\"og:description\" content=\"[vc_section][vc_row][vc_column width=\u00a0\u00bb1\/2&Prime;][\/vc_column][vc_column width=\u00a0\u00bb1\/2&Prime;][vc_column_text]Chaussettes tricot\u00e9es personnalis\u00e9es fabriqu\u00e9es en Croatie. MOQ : 50 pcs Composition : 80% Coton BIO &#8211; 17% Polyamide &#8211; 3% Elastane Personnalisation : Mode\u0300le entie\u0300rement tisse\u0301. Jusqu&rsquo;a\u0300 6 couleurs de fils diffe\u0301rents par re\u0301alisation. Catalogue de fils \u00e0 disposition sur demande (plus de 100 couleurs disponibles). De\u0301lais de production : 3 semaines De\u0301lais [&hellip;]\" \/>\n<meta property=\"og:url\" content=\"https:\/\/araok.co\/index.php\/chaussettes-standard\/\" \/>\n<meta property=\"og:site_name\" content=\"Araok\" \/>\n<meta property=\"article:modified_time\" content=\"2026-01-28T16:03:36+00:00\" \/>\n<meta name=\"twitter:card\" content=\"summary_large_image\" \/>\n<meta name=\"twitter:label1\" content=\"Dur\u00e9e de lecture estim\u00e9e\" \/>\n\t<meta name=\"twitter:data1\" content=\"1 minute\" \/>\n<script type=\"application\/ld+json\" class=\"yoast-schema-graph\">{\"@context\":\"https:\/\/schema.org\",\"@graph\":[{\"@type\":\"WebPage\",\"@id\":\"https:\/\/araok.co\/index.php\/chaussettes-standard\/\",\"url\":\"https:\/\/araok.co\/index.php\/chaussettes-standard\/\",\"name\":\"Chaussettes standard - Araok\",\"isPartOf\":{\"@id\":\"https:\/\/araok.co\/#website\"},\"datePublished\":\"2023-06-15T12:12:03+00:00\",\"dateModified\":\"2026-01-28T16:03:36+00:00\",\"breadcrumb\":{\"@id\":\"https:\/\/araok.co\/index.php\/chaussettes-standard\/#breadcrumb\"},\"inLanguage\":\"fr-FR\",\"potentialAction\":[{\"@type\":\"ReadAction\",\"target\":[\"https:\/\/araok.co\/index.php\/chaussettes-standard\/\"]}]},{\"@type\":\"BreadcrumbList\",\"@id\":\"https:\/\/araok.co\/index.php\/chaussettes-standard\/#breadcrumb\",\"itemListElement\":[{\"@type\":\"ListItem\",\"position\":1,\"name\":\"Home\",\"item\":\"https:\/\/araok.co\/\"},{\"@type\":\"ListItem\",\"position\":2,\"name\":\"Chaussettes standard\"}]},{\"@type\":\"WebSite\",\"@id\":\"https:\/\/araok.co\/#website\",\"url\":\"https:\/\/araok.co\/\",\"name\":\"Araok\",\"description\":\"Sp\u00e9cialiste de la production textile Europe\",\"publisher\":{\"@id\":\"https:\/\/araok.co\/#organization\"},\"potentialAction\":[{\"@type\":\"SearchAction\",\"target\":{\"@type\":\"EntryPoint\",\"urlTemplate\":\"https:\/\/araok.co\/?s={search_term_string}\"},\"query-input\":\"required name=search_term_string\"}],\"inLanguage\":\"fr-FR\"},{\"@type\":\"Organization\",\"@id\":\"https:\/\/araok.co\/#organization\",\"name\":\"Araok\",\"url\":\"https:\/\/araok.co\/\",\"logo\":{\"@type\":\"ImageObject\",\"inLanguage\":\"fr-FR\",\"@id\":\"https:\/\/araok.co\/#\/schema\/logo\/image\/\",\"url\":\"http:\/\/araok.co\/wp-content\/uploads\/2021\/10\/Capture-de\u0301cran-2021-10-13-a\u0300-13.34.05.png\",\"contentUrl\":\"http:\/\/araok.co\/wp-content\/uploads\/2021\/10\/Capture-de\u0301cran-2021-10-13-a\u0300-13.34.05.png\",\"width\":80,\"height\":88,\"caption\":\"Araok\"},\"image\":{\"@id\":\"https:\/\/araok.co\/#\/schema\/logo\/image\/\"}}]}<\/script>\n<!-- \/ Yoast SEO plugin. -->","yoast_head_json":{"title":"Chaussettes standard - Araok","robots":{"index":"index","follow":"follow","max-snippet":"max-snippet:-1","max-image-preview":"max-image-preview:large","max-video-preview":"max-video-preview:-1"},"canonical":"https:\/\/araok.co\/index.php\/chaussettes-standard\/","og_locale":"fr_FR","og_type":"article","og_title":"Chaussettes standard - Araok","og_description":"[vc_section][vc_row][vc_column width=\u00a0\u00bb1\/2&Prime;][\/vc_column][vc_column width=\u00a0\u00bb1\/2&Prime;][vc_column_text]Chaussettes tricot\u00e9es personnalis\u00e9es fabriqu\u00e9es en Croatie. MOQ : 50 pcs Composition : 80% Coton BIO &#8211; 17% Polyamide &#8211; 3% Elastane Personnalisation : Mode\u0300le entie\u0300rement tisse\u0301. Jusqu&rsquo;a\u0300 6 couleurs de fils diffe\u0301rents par re\u0301alisation. Catalogue de fils \u00e0 disposition sur demande (plus de 100 couleurs disponibles). De\u0301lais de production : 3 semaines De\u0301lais [&hellip;]","og_url":"https:\/\/araok.co\/index.php\/chaussettes-standard\/","og_site_name":"Araok","article_modified_time":"2026-01-28T16:03:36+00:00","twitter_card":"summary_large_image","twitter_misc":{"Dur\u00e9e de lecture estim\u00e9e":"1 minute"},"schema":{"@context":"https:\/\/schema.org","@graph":[{"@type":"WebPage","@id":"https:\/\/araok.co\/index.php\/chaussettes-standard\/","url":"https:\/\/araok.co\/index.php\/chaussettes-standard\/","name":"Chaussettes standard - Araok","isPartOf":{"@id":"https:\/\/araok.co\/#website"},"datePublished":"2023-06-15T12:12:03+00:00","dateModified":"2026-01-28T16:03:36+00:00","breadcrumb":{"@id":"https:\/\/araok.co\/index.php\/chaussettes-standard\/#breadcrumb"},"inLanguage":"fr-FR","potentialAction":[{"@type":"ReadAction","target":["https:\/\/araok.co\/index.php\/chaussettes-standard\/"]}]},{"@type":"BreadcrumbList","@id":"https:\/\/araok.co\/index.php\/chaussettes-standard\/#breadcrumb","itemListElement":[{"@type":"ListItem","position":1,"name":"Home","item":"https:\/\/araok.co\/"},{"@type":"ListItem","position":2,"name":"Chaussettes standard"}]},{"@type":"WebSite","@id":"https:\/\/araok.co\/#website","url":"https:\/\/araok.co\/","name":"Araok","description":"Sp\u00e9cialiste de la production textile Europe","publisher":{"@id":"https:\/\/araok.co\/#organization"},"potentialAction":[{"@type":"SearchAction","target":{"@type":"EntryPoint","urlTemplate":"https:\/\/araok.co\/?s={search_term_string}"},"query-input":"required name=search_term_string"}],"inLanguage":"fr-FR"},{"@type":"Organization","@id":"https:\/\/araok.co\/#organization","name":"Araok","url":"https:\/\/araok.co\/","logo":{"@type":"ImageObject","inLanguage":"fr-FR","@id":"https:\/\/araok.co\/#\/schema\/logo\/image\/","url":"http:\/\/araok.co\/wp-content\/uploads\/2021\/10\/Capture-de\u0301cran-2021-10-13-a\u0300-13.34.05.png","contentUrl":"http:\/\/araok.co\/wp-content\/uploads\/2021\/10\/Capture-de\u0301cran-2021-10-13-a\u0300-13.34.05.png","width":80,"height":88,"caption":"Araok"},"image":{"@id":"https:\/\/araok.co\/#\/schema\/logo\/image\/"}}]}},"_links":{"self":[{"href":"https:\/\/araok.co\/index.php\/wp-json\/wp\/v2\/pages\/2180"}],"collection":[{"href":"https:\/\/araok.co\/index.php\/wp-json\/wp\/v2\/pages"}],"about":[{"href":"https:\/\/araok.co\/index.php\/wp-json\/wp\/v2\/types\/page"}],"author":[{"embeddable":true,"href":"https:\/\/araok.co\/index.php\/wp-json\/wp\/v2\/users\/1"}],"replies":[{"embeddable":true,"href":"https:\/\/araok.co\/index.php\/wp-json\/wp\/v2\/comments?post=2180"}],"version-history":[{"count":5,"href":"https:\/\/araok.co\/index.php\/wp-json\/wp\/v2\/pages\/2180\/revisions"}],"predecessor-version":[{"id":2571,"href":"https:\/\/araok.co\/index.php\/wp-json\/wp\/v2\/pages\/2180\/revisions\/2571"}],"wp:attachment":[{"href":"https:\/\/araok.co\/index.php\/wp-json\/wp\/v2\/media?parent=2180"}],"curies":[{"name":"wp","href":"https:\/\/api.w.org\/{rel}","templated":true}]}}